{"id":236,"date":"2017-08-16T12:20:54","date_gmt":"2017-08-16T10:20:54","guid":{"rendered":"https:\/\/www.pirate-bowling.com\/bowling\/?page_id=236"},"modified":"2017-08-16T12:24:03","modified_gmt":"2017-08-16T10:24:03","slug":"agbs","status":"publish","type":"page","link":"https:\/\/www.pirate-bowling.com\/bowling\/agbs\/","title":{"rendered":"AGB"},"content":{"rendered":"<h2>Hausordnung und allgemeine Gesch\u00e4ftsbedingungen<\/h2>\n<p>Jeder Gast erkl\u00e4rt sich mit dem Betreten unseres Bowlingcenters grunds\u00e4tzlich mit der Hausordnung einverstanden.<\/p>\n<p>Wir danken f\u00fcr Ihr Verst\u00e4ndnis und w\u00fcnschen viel Spa\u00df!<\/p>\n<p>&nbsp;<\/p>\n<h3>Die Bahnen<\/h3>\n<ul>\n<li>Betreten Sie den Anlauf erst, wenn alle Pins aufgestellt sind und der Rechen (Abr\u00e4umer) wieder nach oben gefahren ist. Haftung im Schadensfall bei Missachtung!<\/li>\n<li>Der Anlauf darf nur mit Bowlingschuhen betreten werden. Nehmen Sie keine Getr\u00e4nke und Speisen mit auf den Anlauf.<\/li>\n<li>Das Betreten der Bahnen ist nicht gestattet. Ab der Foul Line (schwarze Linie) sind die Bahnen ge\u00f6lt. Rutschgefahr\/Unfallgefahr!<\/li>\n<li>Es ist verboten, K\u00f6rperteile oder anderer Gegenst\u00e4nde in die Ballr\u00fcckl\u00e4ufe zu stecken. Das Sitzen auf dem Balltisch, das Klettern auf der Schutzhaube der Ballhebemaschine ist zu unterlassen.<\/li>\n<li>Mit Bowlingschuhen darf das Center nicht verlassen werden. Bei Nichteinhaltung behalten wir uns vor, Ihnen 25 \u20ac in Rechnung zu stellen.<\/li>\n<li>Bei Glasbruch an den Bahnen ist der Spielbetrieb bis zur Reinigung zu unterbrechen. Sollten wir f\u00fcr den Bruch nicht verantwortlich sein entsteht kein Anspruch auf Minderung des Spielpreises oder der Spielzeit.<\/li>\n<li>Wenn die Bahn ausgeschaltet ist, d\u00fcrfen keine B\u00e4lle geworfen werden. Haftungspflicht bei Besch\u00e4digung.<\/li>\n<li>Bei auftretenden technischen St\u00f6rungen an der Bahn oder am Ballr\u00fccklauf, ist das Spielen einzustellen und das Personal zu informieren.<\/li>\n<li>Kindern und Jugendlichen bis 14 Jahren, ist das Betreten der Halle nur in Begleitung einer vollj\u00e4hrigen Aufsichtsperson gestattet.<\/li>\n<li>Nach Spielende bitte Sitzgruppenbereich an den Bahnen verlassen und andere Sitzm\u00f6glichkeiten im Bistrobereich benutzen.<\/li>\n<\/ul>\n<p>&nbsp;<\/p>\n<h3>Reservierungen<\/h3>\n<ul>\n<li>Der Reservierungsanspruch verf\u00e4llt sp\u00e4testens bei einer \u00dcberschreitung der Anfangszeit um 15 Minuten.<\/li>\n<li>Wir behalten uns vor, nicht in Anspruch genommene Reservierungen mit 30 \u20ac pro Bahnstunde zu berechnen.<\/li>\n<li>Der Anspruch auf eine bestimmte Bahn ist ausgeschlossen. Wir behalten uns vor, die Bahnbelegung abweichend vom Reservierungsplan vorzunehmen.<\/li>\n<li>Jeder Gast ist verpflichtet, sich an die Reservierungszeiten zu halten. Eine Verl\u00e4ngerung oder Verschiebung der Mietzeit ist bei anschlie\u00dfender Bahnbelegung ausgeschlossen.<\/li>\n<li>Die Stornierung einer Einzelbahn ist bis 10 Stunden vor Spielbeginn kostenlos m\u00f6glich. Die Stornierung von mind. 6 Bahnstunden ist bis 24 Stunden vor Spielbeginn kostenlos m\u00f6glich.<\/li>\n<li>Die Stornierung von mind. 12 Bahnstunden ist bis 48 Stunden vor Spielbeginn kostenlos m\u00f6glich. Danach f\u00e4llt eine Ausfallgeb\u00fchr in H\u00f6he von 30 \u20ac pro Bahn und Stunde an.<\/li>\n<li>Bei Reservierungen mit Buffet und mindestens 20 Personen ist eine Stornierung bis eine Woche vor der Veranstaltung kostenlos m\u00f6glich. Danach berechnen wir wie folgt: 40 % (60%) bei einer Absage bis 6 Tage (4 Tage) vorher. Bei einer Absage von 3 oder weniger Tagen vorher, berechnen wir Ihnen 100 % des Preises bezogen auf Bowling und Buffet bzw. den Paketpreis.<\/li>\n<\/ul>\n<p>&nbsp;<\/p>\n<h3>Die Abrechnung<\/h3>\n<ul>\n<li>Das Bowling und die Schuhe werden nach dem Spielen am Counter bezahlt. Wenn nicht gesondert gekennzeichnet, sind die Schuhe im Bahnpreis nicht enthalten.<\/li>\n<li>Getr\u00e4nke und Speisen sind beim Service Personal zu bezahlen.<\/li>\n<li>Wir behalten uns das Recht vor, 200 und 500 Euro Scheine nicht anzunehmen.<\/li>\n<li>Ein versp\u00e4teter Spielbeginn oder eine technische St\u00f6rung w\u00e4hrend des Bahnbetriebes, berechtigt nicht zur Reduzierung des Spielpreises, wenn die Ausfallzeit unter 10 Min. betr\u00e4gt.<\/li>\n<li>Zeitabrechnung bedeutet, dass die Bahnen pro Minute berechnet werden.<\/li>\n<li>Bei reservierten Bahnen muss die Spielzeit mind. 90% der reservierten Zeit betragen. Wir behalten uns vor, die reservierte Zeit zu berechnen.<\/li>\n<\/ul>\n<p>&nbsp;<\/p>\n<h3>Sonstiges<\/h3>\n<ul>\n<li>Gutscheine und Aktionen sind vor Spielbeginn vorzuzeigen. Nur so kann eine Einl\u00f6sung sichergestellt werden.<\/li>\n<li>F\u00fcr eigene B\u00e4lle und Garderobe \u00fcbernehmen wir grunds\u00e4tzlich keine Haftung.<\/li>\n<li>Das Mitbringen von Speisen und Getr\u00e4nken ist verboten. Das Mitbringen von Kuchen bei Geburtstagsfeiern ist nach vorheriger Absprache m\u00f6glich.<\/li>\n<li>Wir behalten uns das Recht vor, sichtlich angetrunkenen G\u00e4sten den Eintritt zu verwehren.<\/li>\n<li>Unsere Bowlinganlage wird video\u00fcberwacht.<\/li>\n<li>Es gilt das Jugendschutzgesetz. Demnach ist der Konsum von Alkohol f\u00fcr unter 18 j\u00e4hrige eingeschr\u00e4nkt.<\/li>\n<li>Mutwillige Sachbesch\u00e4digungen und Verunreinigungen werden zur Anzeige gebracht.<\/li>\n<li>Die vom Bowlingcenter bekannt gegebenen \u00d6ffnungszeiten sind Richtzeiten. Die Gesch\u00e4ftsleitung beh\u00e4lt sich vor, die bekannt gegebenen \u00d6ffnungszeiten je nach Auslastung zu verk\u00fcrzen bzw. zu verl\u00e4ngern.<\/li>\n<li>Die Bowlingbahnen werden gesamt pro Bahn und nicht pro Spieler am Counter abgerechnet. Die Preise sind in bar auszugleichen und sofort f\u00e4llig. Es gelten die vom Bowlingcenter am Counter bekannt gegebenen Preise als vereinbart. 1 Tag vor und an Feiertagen gelten die f\u00fcr Samstag g\u00fcltigen Preise und Bedingungen. Angebotspreise k\u00f6nnen zu jeder Zeit r\u00fcckg\u00e4ngig gemacht werden.<\/li>\n<\/ul>\n<p>&nbsp;<\/p>\n<p><em>Version Februar 2017<\/em><\/p>\n<p>&nbsp;<\/p>\n<p>&nbsp;<\/p>\n<p>&nbsp;<\/p>\n","protected":false},"excerpt":{"rendered":"<p>Hausordnung und allgemeine Gesch\u00e4ftsbedingungen Jeder Gast erkl\u00e4rt sich mit dem Betreten unseres Bowlingcenters grunds\u00e4tzlich mit der Hausordnung einverstanden. Wir danken f\u00fcr Ihr Verst\u00e4ndnis und w\u00fcnschen viel Spa\u00df! &nbsp; Die Bahnen &#8230;<\/p>\n","protected":false},"author":1,"featured_media":0,"parent":0,"menu_order":0,"comment_status":"closed","ping_status":"closed","template":"","meta":{"footnotes":""},"class_list":["post-236","page","type-page","status-publish","hentry"],"_links":{"self":[{"href":"https:\/\/www.pirate-bowling.com\/bowling\/wp-json\/wp\/v2\/pages\/236","targetHints":{"allow":["GET"]}}],"collection":[{"href":"https:\/\/www.pirate-bowling.com\/bowling\/wp-json\/wp\/v2\/pages"}],"about":[{"href":"https:\/\/www.pirate-bowling.com\/bowling\/wp-json\/wp\/v2\/types\/page"}],"author":[{"embeddable":true,"href":"https:\/\/www.pirate-bowling.com\/bowling\/wp-json\/wp\/v2\/users\/1"}],"replies":[{"embeddable":true,"href":"https:\/\/www.pirate-bowling.com\/bowling\/wp-json\/wp\/v2\/comments?post=236"}],"version-history":[{"count":5,"href":"https:\/\/www.pirate-bowling.com\/bowling\/wp-json\/wp\/v2\/pages\/236\/revisions"}],"predecessor-version":[{"id":241,"href":"https:\/\/www.pirate-bowling.com\/bowling\/wp-json\/wp\/v2\/pages\/236\/revisions\/241"}],"wp:attachment":[{"href":"https:\/\/www.pirate-bowling.com\/bowling\/wp-json\/wp\/v2\/media?parent=236"}],"curies":[{"name":"wp","href":"https:\/\/api.w.org\/{rel}","templated":true}]}}